{"id":160,"date":"2023-06-25T08:25:31","date_gmt":"2023-06-25T12:25:31","guid":{"rendered":"https:\/\/crues.org\/?page_id=160"},"modified":"2026-03-22T12:06:21","modified_gmt":"2026-03-22T16:06:21","slug":"communique-de-presse","status":"publish","type":"page","link":"https:\/\/crues.org\/en\/communique-de-presse\/","title":{"rendered":"Press Releases"},"content":{"rendered":"<p>Communiqu\u00e9 de presse pour la gr\u00e8ve contre l&rsquo;aust\u00e9rit\u00e9 et pour la protection du filet social (2025-11-07)<\/p>\n\n\n\n<p class=\"has-text-align-left\"><a href=\"https:\/\/crues.org\/wp-content\/uploads\/2026\/03\/Communique-de-presse-7-novembre-2.pdf\" target=\"_blank\" rel=\"noreferrer noopener\">Communiqu\u00e9 de presse &#8211; 7 novembre 2025<\/a><\/p>\n\n\n\n<p>Communiqu\u00e9 de presse pour la gr\u00e8ve Palestine&nbsp;(2024\/11\/18)<\/p>\n\n\n\n<div class=\"wp-block-file\"><a id=\"wp-block-file--media-f1b359ab-333e-46cd-9499-a3dd3b2d6be8\" href=\"https:\/\/crues.org\/wp-content\/uploads\/2024\/11\/Communiques-de-presse-nov-21-et-22-.pdf\">Communiqu\u00e9s de presse 2024-11-18<\/a><a href=\"https:\/\/crues.org\/wp-content\/uploads\/2024\/11\/Communiques-de-presse-nov-21-et-22-.pdf\" class=\"wp-block-file__button wp-element-button\" download aria-describedby=\"wp-block-file--media-f1b359ab-333e-46cd-9499-a3dd3b2d6be8\">Download<\/a><\/div>\n\n\n\n<p>Communiqu\u00e9 de presse pour la salarisation de tous les stages (2024\/03\/25)<\/p>\n\n\n\n<div class=\"wp-block-file\"><a id=\"wp-block-file--media-18518a0d-891f-45ff-b249-3d8c841c1fed\" href=\"https:\/\/crues.org\/wp-content\/uploads\/2024\/03\/Communique-de-presse-pour-la-salarisation-de-tous-les-stages.pdf\">Communique-de-presse-pour-la-salarisation-de-tous-les-stages-2024-03-25<\/a><a href=\"https:\/\/crues.org\/wp-content\/uploads\/2024\/03\/Communique-de-presse-pour-la-salarisation-de-tous-les-stages.pdf\" class=\"wp-block-file__button wp-element-button\" download aria-describedby=\"wp-block-file--media-18518a0d-891f-45ff-b249-3d8c841c1fed\">Download<\/a><\/div>\n\n\n\n<p>Press release following the founding congress (2023\/02\/21)<\/p>\n\n\n\n<div class=\"wp-block-file\"><a id=\"wp-block-file--media-c45a19d4-3618-4b87-84ef-1a8b2a67ea8c\" href=\"https:\/\/crues.org\/wp-content\/uploads\/2023\/06\/Communique-de-La-CRUES-2023-02-21.pdf\" target=\"_blank\" rel=\"noreferrer noopener\">Communique-de-La-CRUES-2023-02-21<\/a><a href=\"https:\/\/crues.org\/wp-content\/uploads\/2023\/06\/Communique-de-La-CRUES-2023-02-21.pdf\" class=\"wp-block-file__button wp-element-button\" download aria-describedby=\"wp-block-file--media-c45a19d4-3618-4b87-84ef-1a8b2a67ea8c\">Download<\/a><\/div>\n\n\n\n<div class=\"wp-block-file\"><a id=\"wp-block-file--media-4943f810-8bbb-4d1f-b9d2-ffc49f83e4b5\" href=\"https:\/\/crues.org\/wp-content\/uploads\/2023\/06\/CRUES-Press-Release-2023-02-21-1.pdf\" target=\"_blank\" rel=\"noreferrer noopener\">CRUES-Press-Release-2023-02-21<\/a><a href=\"https:\/\/crues.org\/wp-content\/uploads\/2023\/06\/CRUES-Press-Release-2023-02-21-1.pdf\" class=\"wp-block-file__button wp-element-button\" download aria-describedby=\"wp-block-file--media-4943f810-8bbb-4d1f-b9d2-ffc49f83e4b5\">Download<\/a><\/div>","protected":false},"excerpt":{"rendered":"<p>Communiqu\u00e9 de presse pour la gr\u00e8ve contre l&rsquo;aust\u00e9rit\u00e9 et pour la protection du filet social (2025-11-07) Communiqu\u00e9 de presse &#8211; 7 novembre 2025 Communiqu\u00e9 de presse pour la gr\u00e8ve Palestine&nbsp;(2024\/11\/18) Communiqu\u00e9 de presse pour la salarisation de tous les stages (2024\/03\/25) Communiqu\u00e9s de presse suite au congr\u00e8s de fondation (2023\/02\/21)<\/p>","protected":false},"author":1,"featured_media":0,"parent":0,"menu_order":0,"comment_status":"closed","ping_status":"closed","template":"","meta":{"footnotes":""},"class_list":["post-160","page","type-page","status-publish","hentry"],"_links":{"self":[{"href":"https:\/\/crues.org\/en\/wp-json\/wp\/v2\/pages\/160","targetHints":{"allow":["GET"]}}],"collection":[{"href":"https:\/\/crues.org\/en\/wp-json\/wp\/v2\/pages"}],"about":[{"href":"https:\/\/crues.org\/en\/wp-json\/wp\/v2\/types\/page"}],"author":[{"embeddable":true,"href":"https:\/\/crues.org\/en\/wp-json\/wp\/v2\/users\/1"}],"replies":[{"embeddable":true,"href":"https:\/\/crues.org\/en\/wp-json\/wp\/v2\/comments?post=160"}],"version-history":[{"count":9,"href":"https:\/\/crues.org\/en\/wp-json\/wp\/v2\/pages\/160\/revisions"}],"predecessor-version":[{"id":2768,"href":"https:\/\/crues.org\/en\/wp-json\/wp\/v2\/pages\/160\/revisions\/2768"}],"wp:attachment":[{"href":"https:\/\/crues.org\/en\/wp-json\/wp\/v2\/media?parent=160"}],"curies":[{"name":"wp","href":"https:\/\/api.w.org\/{rel}","templated":true}]}}